{"id":9202,"date":"2022-06-09T23:29:00","date_gmt":"2022-06-09T23:29:00","guid":{"rendered":"https:\/\/quatindustrial.com\/?page_id=9202"},"modified":"2024-08-29T00:27:08","modified_gmt":"2024-08-29T00:27:08","slug":"alianzas","status":"publish","type":"page","link":"https:\/\/quatindustrial.com\/en\/alianzas\/","title":{"rendered":"Alianzas"},"content":{"rendered":"<div data-elementor-type=\"wp-page\" data-elementor-id=\"9202\" class=\"elementor elementor-9202\">\n\t\t\t\t\t\t\t\t\t<section class=\"elementor-section elementor-top-section elementor-element elementor-element-09b96a8 elementor-section-boxed elementor-section-height-default elementor-section-height-default\" data-id=\"09b96a8\" data-element_type=\"section\" data-settings=\"{&quot;jet_parallax_layout_list&quot;:[],&quot;background_background&quot;:&quot;classic&quot;}\">\n\t\t\t\t\t\t<div class=\"elementor-container elementor-column-gap-default\">\n\t\t\t\t\t<div class=\"elementor-column elementor-col-100 elementor-top-column elementor-element elementor-element-1c43549\" data-id=\"1c43549\" data-element_type=\"column\">\n\t\t\t<div class=\"elementor-widget-wrap elementor-element-populated\">\n\t\t\t\t\t\t\t\t<div class=\"elementor-element elementor-element-852f463 elementor-widget elementor-widget-spacer\" data-id=\"852f463\" data-element_type=\"widget\" data-widget_type=\"spacer.default\">\n\t\t\t\t<div class=\"elementor-widget-container\">\n\t\t\t<style>\/*! elementor - v3.11.2 - 22-02-2023 *\/\n.elementor-column .elementor-spacer-inner{height:var(--spacer-size)}.e-con{--container-widget-width:100%}.e-con-inner>.elementor-widget-spacer,.e-con>.elementor-widget-spacer{width:var(--container-widget-width,var(--spacer-size));--align-self:var(--container-widget-align-self,initial);--flex-shrink:0}.e-con-inner>.elementor-widget-spacer>.elementor-widget-container,.e-con-inner>.elementor-widget-spacer>.elementor-widget-container>.elementor-spacer,.e-con>.elementor-widget-spacer>.elementor-widget-container,.e-con>.elementor-widget-spacer>.elementor-widget-container>.elementor-spacer{height:100%}.e-con-inner>.elementor-widget-spacer>.elementor-widget-container>.elementor-spacer>.elementor-spacer-inner,.e-con>.elementor-widget-spacer>.elementor-widget-container>.elementor-spacer>.elementor-spacer-inner{height:var(--container-widget-height,var(--spacer-size))}<\/style>\t\t<div class=\"elementor-spacer\">\n\t\t\t<div class=\"elementor-spacer-inner\"><\/div>\n\t\t<\/div>\n\t\t\t\t<\/div>\n\t\t\t\t<\/div>\n\t\t\t\t\t<\/div>\n\t\t<\/div>\n\t\t\t\t\t\t\t<\/div>\n\t\t<\/section>\n\t\t\t\t<section class=\"elementor-section elementor-top-section elementor-element elementor-element-d1a7220 elementor-section-boxed elementor-section-height-default elementor-section-height-default\" data-id=\"d1a7220\" data-element_type=\"section\" data-settings=\"{&quot;jet_parallax_layout_list&quot;:[],&quot;background_background&quot;:&quot;classic&quot;}\">\n\t\t\t\t\t\t<div class=\"elementor-container elementor-column-gap-default\">\n\t\t\t\t\t<div class=\"elementor-column elementor-col-100 elementor-top-column elementor-element elementor-element-f8ae00a\" data-id=\"f8ae00a\" data-element_type=\"column\">\n\t\t\t<div class=\"elementor-widget-wrap elementor-element-populated\">\n\t\t\t\t\t\t\t\t<div class=\"elementor-element elementor-element-c00646b elementor-widget elementor-widget-spacer\" data-id=\"c00646b\" data-element_type=\"widget\" data-widget_type=\"spacer.default\">\n\t\t\t\t<div class=\"elementor-widget-container\">\n\t\t\t\t\t<div class=\"elementor-spacer\">\n\t\t\t<div class=\"elementor-spacer-inner\"><\/div>\n\t\t<\/div>\n\t\t\t\t<\/div>\n\t\t\t\t<\/div>\n\t\t\t\t\t<\/div>\n\t\t<\/div>\n\t\t\t\t\t\t\t<\/div>\n\t\t<\/section>\n\t\t\t\t<section class=\"elementor-section elementor-top-section elementor-element elementor-element-a72b588 elementor-section-content-middle elementor-section-boxed elementor-section-height-default elementor-section-height-default\" data-id=\"a72b588\" data-element_type=\"section\" data-settings=\"{&quot;background_background&quot;:&quot;classic&quot;,&quot;jet_parallax_layout_list&quot;:[]}\">\n\t\t\t\t\t\t\t<div class=\"elementor-background-overlay\"><\/div>\n\t\t\t\t\t\t\t<div class=\"elementor-container elementor-column-gap-default\">\n\t\t\t\t\t<div class=\"elementor-column elementor-col-100 elementor-top-column elementor-element elementor-element-8bd20c1\" data-id=\"8bd20c1\" data-element_type=\"column\">\n\t\t\t<div class=\"elementor-widget-wrap elementor-element-populated\">\n\t\t\t\t\t\t\t\t<div class=\"elementor-element elementor-element-dd3b97a elementor-widget elementor-widget-heading\" data-id=\"dd3b97a\" data-element_type=\"widget\" data-widget_type=\"heading.default\">\n\t\t\t\t<div class=\"elementor-widget-container\">\n\t\t\t<style>\/*! elementor - v3.11.2 - 22-02-2023 *\/\n.elementor-heading-title{padding:0;margin:0;line-height:1}.elementor-widget-heading .elementor-heading-title[class*=elementor-size-]>a{color:inherit;font-size:inherit;line-height:inherit}.elementor-widget-heading .elementor-heading-title.elementor-size-small{font-size:15px}.elementor-widget-heading .elementor-heading-title.elementor-size-medium{font-size:19px}.elementor-widget-heading .elementor-heading-title.elementor-size-large{font-size:29px}.elementor-widget-heading .elementor-heading-title.elementor-size-xl{font-size:39px}.elementor-widget-heading .elementor-heading-title.elementor-size-xxl{font-size:59px}<\/style><h2 class=\"elementor-heading-title elementor-size-default\">Alliances <br>INTERNATIONAL <\/h2>\t\t<\/div>\n\t\t\t\t<\/div>\n\t\t\t\t<div class=\"elementor-element elementor-element-326fdad elementor-widget elementor-widget-text-editor\" data-id=\"326fdad\" data-element_type=\"widget\" data-widget_type=\"text-editor.default\">\n\t\t\t\t<div class=\"elementor-widget-container\">\n\t\t\t<style>\/*! elementor - v3.11.2 - 22-02-2023 *\/\n.elementor-widget-text-editor.elementor-drop-cap-view-stacked .elementor-drop-cap{background-color:#818a91;color:#fff}.elementor-widget-text-editor.elementor-drop-cap-view-framed .elementor-drop-cap{color:#818a91;border:3px solid;background-color:transparent}.elementor-widget-text-editor:not(.elementor-drop-cap-view-default) .elementor-drop-cap{margin-top:8px}.elementor-widget-text-editor:not(.elementor-drop-cap-view-default) .elementor-drop-cap-letter{width:1em;height:1em}.elementor-widget-text-editor .elementor-drop-cap{float:left;text-align:center;line-height:1;font-size:50px}.elementor-widget-text-editor .elementor-drop-cap-letter{display:inline-block}<\/style>\t\t\t\t\t\t\t\t\t\t<\/div>\n\t\t\t\t<\/div>\n\t\t\t\t<div class=\"elementor-element elementor-element-4162895 elementor-widget elementor-widget-button\" data-id=\"4162895\" data-element_type=\"widget\" data-widget_type=\"button.default\">\n\t\t\t\t<div class=\"elementor-widget-container\">\n\t\t\t\t\t<div class=\"elementor-button-wrapper\">\n\t\t\t<a href=\"mailto:ventas@quatindustrial.com\" class=\"elementor-button-link elementor-button elementor-size-sm elementor-animation-grow\" role=\"button\">\n\t\t\t\t\t\t<span class=\"elementor-button-content-wrapper\">\n\t\t\t\t\t\t<span class=\"elementor-button-text\">Get in touch<\/span>\n\t\t<\/span>\n\t\t\t\t\t<\/a>\n\t\t<\/div>\n\t\t\t\t<\/div>\n\t\t\t\t<\/div>\n\t\t\t\t\t<\/div>\n\t\t<\/div>\n\t\t\t\t\t\t\t<\/div>\n\t\t<\/section>\n\t\t\t\t<section class=\"elementor-section elementor-top-section elementor-element elementor-element-ced429f elementor-section-boxed elementor-section-height-default elementor-section-height-default\" data-id=\"ced429f\" data-element_type=\"section\" data-settings=\"{&quot;jet_parallax_layout_list&quot;:[],&quot;background_background&quot;:&quot;classic&quot;}\">\n\t\t\t\t\t\t<div class=\"elementor-container elementor-column-gap-default\">\n\t\t\t\t\t<div class=\"elementor-column elementor-col-50 elementor-top-column elementor-element elementor-element-e5fdc98\" data-id=\"e5fdc98\" data-element_type=\"column\" data-settings=\"{&quot;background_background&quot;:&quot;classic&quot;}\">\n\t\t\t<div class=\"elementor-widget-wrap elementor-element-populated\">\n\t\t\t\t\t\t\t\t<section class=\"elementor-section elementor-inner-section elementor-element elementor-element-ea3b2a2 elementor-section-boxed elementor-section-height-default elementor-section-height-default\" data-id=\"ea3b2a2\" data-element_type=\"section\" data-settings=\"{&quot;jet_parallax_layout_list&quot;:[]}\">\n\t\t\t\t\t\t<div class=\"elementor-container elementor-column-gap-default\">\n\t\t\t\t\t<div class=\"elementor-column elementor-col-50 elementor-inner-column elementor-element elementor-element-5bf8c88\" data-id=\"5bf8c88\" data-element_type=\"column\">\n\t\t\t<div class=\"elementor-widget-wrap elementor-element-populated\">\n\t\t\t\t\t\t\t\t<div class=\"elementor-element elementor-element-297d95c elementor-widget elementor-widget-image\" data-id=\"297d95c\" data-element_type=\"widget\" data-widget_type=\"image.default\">\n\t\t\t\t<div class=\"elementor-widget-container\">\n\t\t\t<style>\/*! elementor - v3.11.2 - 22-02-2023 *\/\n.elementor-widget-image{text-align:center}.elementor-widget-image a{display:inline-block}.elementor-widget-image a img[src$=\".svg\"]{width:48px}.elementor-widget-image img{vertical-align:middle;display:inline-block}<\/style>\t\t\t\t\t\t\t\t\t\t\t\t<img loading=\"lazy\" decoding=\"async\" width=\"300\" height=\"100\" src=\"https:\/\/quatindustrial.com\/wp-content\/uploads\/2024\/08\/pixelcut-export-3-300x100.png\" class=\"attachment-medium size-medium wp-image-10120\" alt=\"\" srcset=\"https:\/\/quatindustrial.com\/wp-content\/uploads\/2024\/08\/pixelcut-export-3-300x100.png 300w, https:\/\/quatindustrial.com\/wp-content\/uploads\/2024\/08\/pixelcut-export-3-768x257.png 768w, https:\/\/quatindustrial.com\/wp-content\/uploads\/2024\/08\/pixelcut-export-3-18x6.png 18w, https:\/\/quatindustrial.com\/wp-content\/uploads\/2024\/08\/pixelcut-export-3.png 1000w\" sizes=\"auto, (max-width: 300px) 100vw, 300px\" \/>\t\t\t\t\t\t\t\t\t\t\t\t\t\t\t<\/div>\n\t\t\t\t<\/div>\n\t\t\t\t\t<\/div>\n\t\t<\/div>\n\t\t\t\t<div class=\"elementor-column elementor-col-50 elementor-inner-column elementor-element elementor-element-5cf519d\" data-id=\"5cf519d\" data-element_type=\"column\">\n\t\t\t<div class=\"elementor-widget-wrap\">\n\t\t\t\t\t\t\t\t\t<\/div>\n\t\t<\/div>\n\t\t\t\t\t\t\t<\/div>\n\t\t<\/section>\n\t\t\t\t<div class=\"elementor-element elementor-element-51717c3 elementor-widget elementor-widget-text-editor\" data-id=\"51717c3\" data-element_type=\"widget\" data-widget_type=\"text-editor.default\">\n\t\t\t\t<div class=\"elementor-widget-container\">\n\t\t\t\t\t\t\t<h2><strong>HERON\u00a0<\/strong><\/h2><p>It is a company specialized in R&amp;D and manufacturing of metal connection equipment such as electric welding and riveting through proprietary technology of its own development.<\/p><p>Manufacturing of complete automated production lines for various sectors: automation, electromechanics, household appliances, HVAC compressors, electric motors and various components.<\/p>\t\t\t\t\t\t<\/div>\n\t\t\t\t<\/div>\n\t\t\t\t\t<\/div>\n\t\t<\/div>\n\t\t\t\t<div class=\"elementor-column elementor-col-50 elementor-top-column elementor-element elementor-element-9a4bddf\" data-id=\"9a4bddf\" data-element_type=\"column\" data-settings=\"{&quot;background_background&quot;:&quot;classic&quot;}\">\n\t\t\t<div class=\"elementor-widget-wrap elementor-element-populated\">\n\t\t\t\t\t\t\t\t<div class=\"elementor-element elementor-element-2c3b46a elementor-widget elementor-widget-image\" data-id=\"2c3b46a\" data-element_type=\"widget\" data-widget_type=\"image.default\">\n\t\t\t\t<div class=\"elementor-widget-container\">\n\t\t\t\t\t\t\t\t\t\t\t\t\t\t\t<img loading=\"lazy\" decoding=\"async\" width=\"830\" height=\"742\" src=\"https:\/\/quatindustrial.com\/wp-content\/uploads\/2024\/08\/Captura-de-pantalla-2024-08-28-174409.png\" class=\"attachment-large size-large wp-image-10124\" alt=\"\" srcset=\"https:\/\/quatindustrial.com\/wp-content\/uploads\/2024\/08\/Captura-de-pantalla-2024-08-28-174409.png 830w, https:\/\/quatindustrial.com\/wp-content\/uploads\/2024\/08\/Captura-de-pantalla-2024-08-28-174409-300x268.png 300w, https:\/\/quatindustrial.com\/wp-content\/uploads\/2024\/08\/Captura-de-pantalla-2024-08-28-174409-768x687.png 768w, https:\/\/quatindustrial.com\/wp-content\/uploads\/2024\/08\/Captura-de-pantalla-2024-08-28-174409-13x12.png 13w\" sizes=\"auto, (max-width: 830px) 100vw, 830px\" \/>\t\t\t\t\t\t\t\t\t\t\t\t\t\t\t<\/div>\n\t\t\t\t<\/div>\n\t\t\t\t\t<\/div>\n\t\t<\/div>\n\t\t\t\t\t\t\t<\/div>\n\t\t<\/section>\n\t\t\t\t<section class=\"elementor-section elementor-top-section elementor-element elementor-element-4fd4e9c elementor-section-boxed elementor-section-height-default elementor-section-height-default\" data-id=\"4fd4e9c\" data-element_type=\"section\" data-settings=\"{&quot;jet_parallax_layout_list&quot;:[]}\">\n\t\t\t\t\t\t<div class=\"elementor-container elementor-column-gap-default\">\n\t\t\t\t\t<div class=\"elementor-column elementor-col-33 elementor-top-column elementor-element elementor-element-7e92289\" data-id=\"7e92289\" data-element_type=\"column\">\n\t\t\t<div class=\"elementor-widget-wrap elementor-element-populated\">\n\t\t\t\t\t\t\t\t<div class=\"elementor-element elementor-element-fa599e7 elementor-widget elementor-widget-image\" data-id=\"fa599e7\" data-element_type=\"widget\" data-widget_type=\"image.default\">\n\t\t\t\t<div class=\"elementor-widget-container\">\n\t\t\t\t\t\t\t\t\t\t\t\t\t\t\t<img loading=\"lazy\" decoding=\"async\" width=\"768\" height=\"1024\" src=\"https:\/\/quatindustrial.com\/wp-content\/uploads\/2024\/08\/WhatsApp-Image-2024-06-13-at-1.28.13-PM-768x1024.jpeg\" class=\"attachment-large size-large wp-image-10127\" alt=\"\" srcset=\"https:\/\/quatindustrial.com\/wp-content\/uploads\/2024\/08\/WhatsApp-Image-2024-06-13-at-1.28.13-PM-768x1024.jpeg 768w, https:\/\/quatindustrial.com\/wp-content\/uploads\/2024\/08\/WhatsApp-Image-2024-06-13-at-1.28.13-PM-225x300.jpeg 225w, https:\/\/quatindustrial.com\/wp-content\/uploads\/2024\/08\/WhatsApp-Image-2024-06-13-at-1.28.13-PM-1152x1536.jpeg 1152w, https:\/\/quatindustrial.com\/wp-content\/uploads\/2024\/08\/WhatsApp-Image-2024-06-13-at-1.28.13-PM-9x12.jpeg 9w, https:\/\/quatindustrial.com\/wp-content\/uploads\/2024\/08\/WhatsApp-Image-2024-06-13-at-1.28.13-PM-180x240.jpeg 180w, https:\/\/quatindustrial.com\/wp-content\/uploads\/2024\/08\/WhatsApp-Image-2024-06-13-at-1.28.13-PM.jpeg 1200w\" sizes=\"auto, (max-width: 768px) 100vw, 768px\" \/>\t\t\t\t\t\t\t\t\t\t\t\t\t\t\t<\/div>\n\t\t\t\t<\/div>\n\t\t\t\t\t<\/div>\n\t\t<\/div>\n\t\t\t\t<div class=\"elementor-column elementor-col-66 elementor-top-column elementor-element elementor-element-573e3c0\" data-id=\"573e3c0\" data-element_type=\"column\">\n\t\t\t<div class=\"elementor-widget-wrap elementor-element-populated\">\n\t\t\t\t\t\t\t\t<div class=\"elementor-element elementor-element-ed45b87 elementor-widget elementor-widget-image\" data-id=\"ed45b87\" data-element_type=\"widget\" data-widget_type=\"image.default\">\n\t\t\t\t<div class=\"elementor-widget-container\">\n\t\t\t\t\t\t\t\t\t\t\t\t\t\t\t<img decoding=\"async\" src=\"https:\/\/quatindustrial.com\/wp-content\/uploads\/elementor\/thumbs\/Captura-de-Pantalla-2022-04-07-a-las-12.31.38-p.m.-pn0xhdpupazqbm1v2p0g9jmdp1h0j3fleks1voilbs.png\" title=\"Captura de Pantalla 2022-04-07 a la(s) 12.31.38 p.m.\" alt=\"Captura de Pantalla 2022-04-07 a la(s) 12.31.38 p.m.\" loading=\"lazy\" \/>\t\t\t\t\t\t\t\t\t\t\t\t\t\t\t<\/div>\n\t\t\t\t<\/div>\n\t\t\t\t<div class=\"elementor-element elementor-element-551f52e elementor-widget elementor-widget-text-editor\" data-id=\"551f52e\" data-element_type=\"widget\" data-widget_type=\"text-editor.default\">\n\t\t\t\t<div class=\"elementor-widget-container\">\n\t\t\t\t\t\t\t<h2><strong>OTS ASSEMBLEY<\/strong><\/h2>\t\t\t\t\t\t<\/div>\n\t\t\t\t<\/div>\n\t\t\t\t<div class=\"elementor-element elementor-element-9b63a13 elementor-widget elementor-widget-heading\" data-id=\"9b63a13\" data-element_type=\"widget\" data-widget_type=\"heading.default\">\n\t\t\t\t<div class=\"elementor-widget-container\">\n\t\t\t<h4 class=\"elementor-heading-title elementor-size-default\">Quat Industrial provides OTS technical support in North America (Mexico, USA and Canada)<br><br>Ots Assembly is a company specialized in the creation of premium quality assembly machinery, with the ease of being 100% adapted to the production format of your company.<br><br>With 53 years of experience, OTS Assembly stands out for being \"a company of local dimensions and global experience\". It has a presence in 8 countries on 3 continents. <br><\/h4>\t\t<\/div>\n\t\t\t\t<\/div>\n\t\t\t\t\t<\/div>\n\t\t<\/div>\n\t\t\t\t\t\t\t<\/div>\n\t\t<\/section>\n\t\t\t\t<section class=\"elementor-section elementor-top-section elementor-element elementor-element-9487f10 elementor-section-boxed elementor-section-height-default elementor-section-height-default\" data-id=\"9487f10\" data-element_type=\"section\" data-settings=\"{&quot;jet_parallax_layout_list&quot;:[]}\">\n\t\t\t\t\t\t<div class=\"elementor-container elementor-column-gap-default\">\n\t\t\t\t\t<div class=\"elementor-column elementor-col-100 elementor-top-column elementor-element elementor-element-6d6beb5\" data-id=\"6d6beb5\" data-element_type=\"column\">\n\t\t\t<div class=\"elementor-widget-wrap\">\n\t\t\t\t\t\t\t\t\t<\/div>\n\t\t<\/div>\n\t\t\t\t\t\t\t<\/div>\n\t\t<\/section>\n\t\t\t\t\t\t\t<\/div>","protected":false},"excerpt":{"rendered":"<p>ALIANZAS INTERNACIONALES Ponte en contacto HERON\u00a0 Es una empresa especializada en R&amp;D y fabricaci\u00f3n de equipos de conexi\u00f3n met\u00e1lica como lo son la soldadura el\u00e9ctrica y el remachado a trav\u00e9s de una tecnolog\u00eda patentada de desarrollo propio. Fabricaci\u00f3n de l\u00edneas completas de producci\u00f3n automatizada para diversos sectores: automatizaci\u00f3n, electromec\u00e1nica, electrodom\u00e9sticos, compresores para HVAC, motores el\u00e9ctricos [&hellip;]<\/p>","protected":false},"author":2,"featured_media":0,"parent":0,"menu_order":0,"comment_status":"closed","ping_status":"closed","template":"page-templates\/fullwidth-content.php","meta":{"_joinchat":[],"footnotes":""},"class_list":["post-9202","page","type-page","status-publish","hentry","no-thumb"],"yoast_head":"<!-- This site is optimized with the Yoast SEO plugin v20.2.1 - https:\/\/yoast.com\/wordpress\/plugins\/seo\/ -->\n<title>Alianzas - Quatindustrial<\/title>\n<meta name=\"robots\" content=\"index, follow, max-snippet:-1, max-image-preview:large, max-video-preview:-1\" \/>\n<link rel=\"canonical\" href=\"https:\/\/quatindustrial.com\/en\/alianzas\/\" \/>\n<meta property=\"og:locale\" content=\"en_US\" \/>\n<meta property=\"og:type\" content=\"article\" \/>\n<meta property=\"og:title\" content=\"Alianzas - Quatindustrial\" \/>\n<meta property=\"og:description\" content=\"ALIANZAS INTERNACIONALES Ponte en contacto HERON\u00a0 Es una empresa especializada en R&amp;D y fabricaci\u00f3n de equipos de conexi\u00f3n met\u00e1lica como lo son la soldadura el\u00e9ctrica y el remachado a trav\u00e9s de una tecnolog\u00eda patentada de desarrollo propio. Fabricaci\u00f3n de l\u00edneas completas de producci\u00f3n automatizada para diversos sectores: automatizaci\u00f3n, electromec\u00e1nica, electrodom\u00e9sticos, compresores para HVAC, motores el\u00e9ctricos [&hellip;]\" \/>\n<meta property=\"og:url\" content=\"https:\/\/quatindustrial.com\/en\/alianzas\/\" \/>\n<meta property=\"og:site_name\" content=\"Quatindustrial\" \/>\n<meta property=\"article:modified_time\" content=\"2024-08-29T00:27:08+00:00\" \/>\n<meta property=\"og:image\" content=\"https:\/\/quatindustrial.com\/wp-content\/uploads\/2024\/08\/pixelcut-export-3-300x100.png\" \/>\n<meta name=\"twitter:card\" content=\"summary_large_image\" \/>\n<meta name=\"twitter:label1\" content=\"Est. reading time\" \/>\n\t<meta name=\"twitter:data1\" content=\"2 minutes\" \/>\n<script type=\"application\/ld+json\" class=\"yoast-schema-graph\">{\"@context\":\"https:\/\/schema.org\",\"@graph\":[{\"@type\":\"WebPage\",\"@id\":\"https:\/\/quatindustrial.com\/alianzas\/\",\"url\":\"https:\/\/quatindustrial.com\/alianzas\/\",\"name\":\"Alianzas - Quatindustrial\",\"isPartOf\":{\"@id\":\"https:\/\/quatindustrial.com\/en\/#website\"},\"datePublished\":\"2022-06-09T23:29:00+00:00\",\"dateModified\":\"2024-08-29T00:27:08+00:00\",\"breadcrumb\":{\"@id\":\"https:\/\/quatindustrial.com\/alianzas\/#breadcrumb\"},\"inLanguage\":\"en-US\",\"potentialAction\":[{\"@type\":\"ReadAction\",\"target\":[\"https:\/\/quatindustrial.com\/alianzas\/\"]}]},{\"@type\":\"BreadcrumbList\",\"@id\":\"https:\/\/quatindustrial.com\/alianzas\/#breadcrumb\",\"itemListElement\":[{\"@type\":\"ListItem\",\"position\":1,\"name\":\"Inicio\",\"item\":\"https:\/\/quatindustrial.com\/\"},{\"@type\":\"ListItem\",\"position\":2,\"name\":\"Alianzas\"}]},{\"@type\":\"WebSite\",\"@id\":\"https:\/\/quatindustrial.com\/en\/#website\",\"url\":\"https:\/\/quatindustrial.com\/en\/\",\"name\":\"Quatindustrial\",\"description\":\"Equipos Industriales\",\"publisher\":{\"@id\":\"https:\/\/quatindustrial.com\/en\/#organization\"},\"potentialAction\":[{\"@type\":\"SearchAction\",\"target\":{\"@type\":\"EntryPoint\",\"urlTemplate\":\"https:\/\/quatindustrial.com\/en\/?s={search_term_string}\"},\"query-input\":\"required name=search_term_string\"}],\"inLanguage\":\"en-US\"},{\"@type\":\"Organization\",\"@id\":\"https:\/\/quatindustrial.com\/en\/#organization\",\"name\":\"Quatindustrial\",\"url\":\"https:\/\/quatindustrial.com\/en\/\",\"logo\":{\"@type\":\"ImageObject\",\"inLanguage\":\"en-US\",\"@id\":\"https:\/\/quatindustrial.com\/en\/#\/schema\/logo\/image\/\",\"url\":\"https:\/\/quatindustrial.com\/wp-content\/uploads\/2022\/04\/favicon.png\",\"contentUrl\":\"https:\/\/quatindustrial.com\/wp-content\/uploads\/2022\/04\/favicon.png\",\"width\":500,\"height\":500,\"caption\":\"Quatindustrial\"},\"image\":{\"@id\":\"https:\/\/quatindustrial.com\/en\/#\/schema\/logo\/image\/\"}}]}<\/script>\n<!-- \/ Yoast SEO plugin. -->","yoast_head_json":{"title":"Alianzas - Quatindustrial","robots":{"index":"index","follow":"follow","max-snippet":"max-snippet:-1","max-image-preview":"max-image-preview:large","max-video-preview":"max-video-preview:-1"},"canonical":"https:\/\/quatindustrial.com\/en\/alianzas\/","og_locale":"en_US","og_type":"article","og_title":"Alianzas - Quatindustrial","og_description":"ALIANZAS INTERNACIONALES Ponte en contacto HERON\u00a0 Es una empresa especializada en R&amp;D y fabricaci\u00f3n de equipos de conexi\u00f3n met\u00e1lica como lo son la soldadura el\u00e9ctrica y el remachado a trav\u00e9s de una tecnolog\u00eda patentada de desarrollo propio. Fabricaci\u00f3n de l\u00edneas completas de producci\u00f3n automatizada para diversos sectores: automatizaci\u00f3n, electromec\u00e1nica, electrodom\u00e9sticos, compresores para HVAC, motores el\u00e9ctricos [&hellip;]","og_url":"https:\/\/quatindustrial.com\/en\/alianzas\/","og_site_name":"Quatindustrial","article_modified_time":"2024-08-29T00:27:08+00:00","og_image":[{"url":"https:\/\/quatindustrial.com\/wp-content\/uploads\/2024\/08\/pixelcut-export-3-300x100.png"}],"twitter_card":"summary_large_image","twitter_misc":{"Est. reading time":"2 minutes"},"schema":{"@context":"https:\/\/schema.org","@graph":[{"@type":"WebPage","@id":"https:\/\/quatindustrial.com\/alianzas\/","url":"https:\/\/quatindustrial.com\/alianzas\/","name":"Alianzas - Quatindustrial","isPartOf":{"@id":"https:\/\/quatindustrial.com\/en\/#website"},"datePublished":"2022-06-09T23:29:00+00:00","dateModified":"2024-08-29T00:27:08+00:00","breadcrumb":{"@id":"https:\/\/quatindustrial.com\/alianzas\/#breadcrumb"},"inLanguage":"en-US","potentialAction":[{"@type":"ReadAction","target":["https:\/\/quatindustrial.com\/alianzas\/"]}]},{"@type":"BreadcrumbList","@id":"https:\/\/quatindustrial.com\/alianzas\/#breadcrumb","itemListElement":[{"@type":"ListItem","position":1,"name":"Inicio","item":"https:\/\/quatindustrial.com\/"},{"@type":"ListItem","position":2,"name":"Alianzas"}]},{"@type":"WebSite","@id":"https:\/\/quatindustrial.com\/en\/#website","url":"https:\/\/quatindustrial.com\/en\/","name":"Quatindustrial","description":"Equipos Industriales","publisher":{"@id":"https:\/\/quatindustrial.com\/en\/#organization"},"potentialAction":[{"@type":"SearchAction","target":{"@type":"EntryPoint","urlTemplate":"https:\/\/quatindustrial.com\/en\/?s={search_term_string}"},"query-input":"required name=search_term_string"}],"inLanguage":"en-US"},{"@type":"Organization","@id":"https:\/\/quatindustrial.com\/en\/#organization","name":"Quatindustrial","url":"https:\/\/quatindustrial.com\/en\/","logo":{"@type":"ImageObject","inLanguage":"en-US","@id":"https:\/\/quatindustrial.com\/en\/#\/schema\/logo\/image\/","url":"https:\/\/quatindustrial.com\/wp-content\/uploads\/2022\/04\/favicon.png","contentUrl":"https:\/\/quatindustrial.com\/wp-content\/uploads\/2022\/04\/favicon.png","width":500,"height":500,"caption":"Quatindustrial"},"image":{"@id":"https:\/\/quatindustrial.com\/en\/#\/schema\/logo\/image\/"}}]}},"_links":{"self":[{"href":"https:\/\/quatindustrial.com\/en\/wp-json\/wp\/v2\/pages\/9202","targetHints":{"allow":["GET"]}}],"collection":[{"href":"https:\/\/quatindustrial.com\/en\/wp-json\/wp\/v2\/pages"}],"about":[{"href":"https:\/\/quatindustrial.com\/en\/wp-json\/wp\/v2\/types\/page"}],"author":[{"embeddable":true,"href":"https:\/\/quatindustrial.com\/en\/wp-json\/wp\/v2\/users\/2"}],"replies":[{"embeddable":true,"href":"https:\/\/quatindustrial.com\/en\/wp-json\/wp\/v2\/comments?post=9202"}],"version-history":[{"count":158,"href":"https:\/\/quatindustrial.com\/en\/wp-json\/wp\/v2\/pages\/9202\/revisions"}],"predecessor-version":[{"id":10149,"href":"https:\/\/quatindustrial.com\/en\/wp-json\/wp\/v2\/pages\/9202\/revisions\/10149"}],"wp:attachment":[{"href":"https:\/\/quatindustrial.com\/en\/wp-json\/wp\/v2\/media?parent=9202"}],"curies":[{"name":"wp","href":"https:\/\/api.w.org\/{rel}","templated":true}]}}